{"id":24,"date":"2016-11-19T19:07:15","date_gmt":"2016-11-19T17:07:15","guid":{"rendered":"http:\/\/www.annsaar.ee\/?page_id=24"},"modified":"2016-11-22T14:49:53","modified_gmt":"2016-11-22T12:49:53","slug":"kontaktid","status":"publish","type":"page","link":"http:\/\/www.annsaar.ee\/?page_id=24","title":{"rendered":"Kontaktid"},"content":{"rendered":"<p><a href=\"http:\/\/www.annsaar.ee\/wp-content\/uploads\/2016\/11\/sissepaas_byroosse-800.jpg\"><img loading=\"lazy\" decoding=\"async\" class=\"aligncenter size-full wp-image-86\" src=\"http:\/\/www.annsaar.ee\/wp-content\/uploads\/2016\/11\/sissepaas_byroosse-800.jpg\" alt=\"sissepaas_byroosse-800\" width=\"800\" height=\"377\" srcset=\"http:\/\/www.annsaar.ee\/wp-content\/uploads\/2016\/11\/sissepaas_byroosse-800.jpg 800w, http:\/\/www.annsaar.ee\/wp-content\/uploads\/2016\/11\/sissepaas_byroosse-800-300x141.jpg 300w, http:\/\/www.annsaar.ee\/wp-content\/uploads\/2016\/11\/sissepaas_byroosse-800-768x362.jpg 768w\" sizes=\"auto, (max-width: 800px) 100vw, 800px\" \/><\/a><\/p>\n<table style=\"width: 564px;\">\n<tbody>\n<tr style=\"height: 23px;\">\n<td style=\"width: 119.171875px; height: 23px;\"><strong>\u00a0Asukoht:<\/strong><\/td>\n<td style=\"width: 423.828125px; height: 23px;\"><strong>Tartu, K\u00fc\u00fcni 7,\u00a051004<\/strong><\/td>\n<\/tr>\n<tr style=\"height: 23px;\">\n<td style=\"width: 119.171875px; height: 23px;\"><strong>\u00a0<\/strong><\/td>\n<td style=\"width: 423.828125px; height: 23px;\"><strong>NB! Advokaadib\u00fcroo sissep\u00e4\u00e4s asub K\u00fc\u00fcni 7 hoone (Kesklinna Keskuse, \u00a0endise Kesklinna Kaubahalli) tagak\u00fcljel \u00dclikooli t\u00e4naval!<\/strong><\/td>\n<\/tr>\n<tr style=\"height: 23px;\">\n<td style=\"width: 119.171875px; height: 23px;\"><strong>Lahtiolekuajad<\/strong><\/td>\n<td style=\"width: 423.828125px; height: 23px;\"><strong>E-R 09.00-18.00\u00a0(kliendiga kokkuleppel ka t\u00f6\u00f6v\u00e4lisel ajal)<\/strong><\/td>\n<\/tr>\n<tr style=\"height: 23px;\">\n<td style=\"width: 119.171875px; height: 23px;\"><strong>\u00a0<\/strong><\/td>\n<td style=\"width: 423.828125px; height: 23px;\"><strong>Soovitavalt aeg eelnevalt telefoni teel kokku leppida<\/strong><\/td>\n<\/tr>\n<tr style=\"height: 23px;\">\n<td style=\"width: 119.171875px; height: 23px;\"><strong>Telefon<\/strong><\/td>\n<td style=\"width: 423.828125px; height: 23px;\"><strong>+372\u00a0742 1040<\/strong><\/td>\n<\/tr>\n<tr style=\"height: 23px;\">\n<td style=\"width: 119.171875px; height: 23px;\"><strong>Telefon\/faks<\/strong><\/td>\n<td style=\"width: 423.828125px; height: 23px;\"><strong>+372\u00a0742 0838<\/strong><\/td>\n<\/tr>\n<tr style=\"height: 23px;\">\n<td style=\"width: 119.171875px; height: 23px;\"><strong>e-post<\/strong><\/td>\n<td style=\"width: 423.828125px; height: 23px;\"><strong>&#x61;&#x6e;&#x6e;&#x40;&#x61;&#x6e;&#x6e;&#x73;&#x61;&#x61;&#x72;&#46;&#101;&#101;<\/strong><\/td>\n<\/tr>\n<tr style=\"height: 23px;\">\n<td style=\"width: 119.171875px; height: 23px;\"><strong>Pangarekvisiidid<\/strong><\/td>\n<td style=\"width: 423.828125px; height: 23px;\"><strong>O\u00dc Advokaadib\u00fcroo Ann Saar<\/strong><\/td>\n<\/tr>\n<tr style=\"height: 23px;\">\n<td style=\"width: 119.171875px; height: 23px;\"><strong>\u00a0<\/strong><\/td>\n<td style=\"width: 423.828125px; height: 23px;\"><strong>Registrikood 10298147<\/strong><\/td>\n<\/tr>\n<tr style=\"height: 23px;\">\n<td style=\"width: 119.171875px; height: 23px;\"><strong>\u00a0<\/strong><\/td>\n<td style=\"width: 423.828125px; height: 23px;\"><strong>KMKR E100820957<\/strong><\/td>\n<\/tr>\n<tr style=\"height: 23px;\">\n<td style=\"width: 119.171875px; height: 23px;\"><strong>\u00a0<\/strong><\/td>\n<td style=\"width: 423.828125px; height: 23px;\"><strong>SEB Pank<\/strong><\/td>\n<\/tr>\n<tr style=\"height: 23px;\">\n<td style=\"width: 119.171875px; height: 23px;\"><strong>\u00a0<\/strong><\/td>\n<td style=\"width: 423.828125px; height: 23px;\"><strong>IBAN: EE771010152000300004<\/strong><\/td>\n<\/tr>\n<tr style=\"height: 23px;\">\n<td style=\"width: 119.171875px; height: 23px;\"><strong>\u00a0<\/strong><\/td>\n<td style=\"width: 423.828125px; height: 23px;\"><strong>SWIFT: EEUHEE2<\/strong><\/td>\n<\/tr>\n<\/tbody>\n<\/table>\n<p><!-- DivTable.com --><\/p>\n","protected":false},"excerpt":{"rendered":"<p>\u00a0Asukoht: Tartu, K\u00fc\u00fcni 7,\u00a051004 \u00a0 NB! Advokaadib\u00fcroo sissep\u00e4\u00e4s asub K\u00fc\u00fcni 7 hoone (Kesklinna Keskuse, \u00a0endise Kesklinna Kaubahalli) tagak\u00fcljel \u00dclikooli t\u00e4naval! Lahtiolekuajad E-R 09.00-18.00\u00a0(kliendiga kokkuleppel ka t\u00f6\u00f6v\u00e4lisel ajal) \u00a0 Soovitavalt aeg eelnevalt telefoni teel kokku leppida Telefon +372\u00a0742 1040 Telefon\/faks +372\u00a0742 0838 e-post &#x61;&#110;&#x6e;&#x40;&#97;&#x6e;&#x6e;&#115;&#x61;&#x61;&#114;&#x2e;&#x65;e Pangarekvisiidid O\u00dc Advokaadib\u00fcroo Ann Saar \u00a0 Registrikood 10298147 \u00a0 KMKR E100820957 \u00a0 [&#8230;]<\/p>\n<div class=\"more-link-wrapper\"><a class=\"more-link\" href=\"http:\/\/www.annsaar.ee\/?page_id=24\">Read More<\/a><\/div>\n","protected":false},"author":1,"featured_media":0,"parent":0,"menu_order":0,"comment_status":"closed","ping_status":"closed","template":"","meta":{"footnotes":""},"class_list":["post-24","page","type-page","status-publish","hentry"],"_links":{"self":[{"href":"http:\/\/www.annsaar.ee\/index.php?rest_route=\/wp\/v2\/pages\/24","targetHints":{"allow":["GET"]}}],"collection":[{"href":"http:\/\/www.annsaar.ee\/index.php?rest_route=\/wp\/v2\/pages"}],"about":[{"href":"http:\/\/www.annsaar.ee\/index.php?rest_route=\/wp\/v2\/types\/page"}],"author":[{"embeddable":true,"href":"http:\/\/www.annsaar.ee\/index.php?rest_route=\/wp\/v2\/users\/1"}],"replies":[{"embeddable":true,"href":"http:\/\/www.annsaar.ee\/index.php?rest_route=%2Fwp%2Fv2%2Fcomments&post=24"}],"version-history":[{"count":30,"href":"http:\/\/www.annsaar.ee\/index.php?rest_route=\/wp\/v2\/pages\/24\/revisions"}],"predecessor-version":[{"id":90,"href":"http:\/\/www.annsaar.ee\/index.php?rest_route=\/wp\/v2\/pages\/24\/revisions\/90"}],"wp:attachment":[{"href":"http:\/\/www.annsaar.ee\/index.php?rest_route=%2Fwp%2Fv2%2Fmedia&parent=24"}],"curies":[{"name":"wp","href":"https:\/\/api.w.org\/{rel}","templated":true}]}}