{"id":5,"date":"2016-11-19T14:37:21","date_gmt":"2016-11-19T12:37:21","guid":{"rendered":"http:\/\/www.annsaar.ee\/?page_id=5"},"modified":"2017-06-08T16:31:53","modified_gmt":"2017-06-08T14:31:53","slug":"ann-saar","status":"publish","type":"page","link":"http:\/\/www.annsaar.ee\/?page_id=5","title":{"rendered":"Ann Saar"},"content":{"rendered":"<p style=\"text-align: center;\"><a href=\"http:\/\/www.annsaar.ee\/wp-content\/uploads\/2016\/11\/Ann_Saar_300.jpg\"><img loading=\"lazy\" decoding=\"async\" class=\"alignnone size-full wp-image-75\" src=\"http:\/\/www.annsaar.ee\/wp-content\/uploads\/2016\/11\/Ann_Saar_300.jpg\" alt=\"ann_saar_300\" width=\"300\" height=\"300\" srcset=\"http:\/\/www.annsaar.ee\/wp-content\/uploads\/2016\/11\/Ann_Saar_300.jpg 300w, http:\/\/www.annsaar.ee\/wp-content\/uploads\/2016\/11\/Ann_Saar_300-150x150.jpg 150w\" sizes=\"auto, (max-width: 300px) 100vw, 300px\" \/><\/a><\/p>\n<p style=\"text-align: center;\">vandeadvokaat<br \/>\nEesti Advokatuuri liige alates 20.08.1985<\/p>\n<p style=\"text-align: center;\">Tel +372\u00a0742 1040<br \/>\nMob +372 507 4092<br \/>\n&#x61;&#x6e;&#x6e;&#x40;&#x61;&#x6e;&#x6e;&#x73;&#x61;&#x61;&#x72;&#x2e;&#x65;&#x65;<\/p>\n<p style=\"text-align: center;\">Valdkonnad:<br \/>\nkaristus\u00f5igus<br \/>\nkriminaal- ja v\u00e4\u00e4rteomenetlus<br \/>\nperekonna\u00f5igus<br \/>\np\u00e4rimis\u00f5igus<br \/>\n\u00f5igusdokumentide koostamine<\/p>\n<p style=\"text-align: center;\">Keeled:<br \/>\neesti, vene<\/p>\n","protected":false},"excerpt":{"rendered":"<p>vandeadvokaat Eesti Advokatuuri liige alates 20.08.1985 Tel +372\u00a0742 1040 Mob +372 507 4092 &#97;&#x6e;&#110;&#x40;&#97;&#x6e;n&#x73;a&#97;&#x72;&#46;&#x65;&#101; Valdkonnad: karistus\u00f5igus kriminaal- ja v\u00e4\u00e4rteomenetlus perekonna\u00f5igus p\u00e4rimis\u00f5igus \u00f5igusdokumentide koostamine Keeled: eesti, vene<\/p>\n","protected":false},"author":1,"featured_media":0,"parent":0,"menu_order":0,"comment_status":"closed","ping_status":"closed","template":"","meta":{"footnotes":""},"class_list":["post-5","page","type-page","status-publish","hentry"],"_links":{"self":[{"href":"http:\/\/www.annsaar.ee\/index.php?rest_route=\/wp\/v2\/pages\/5","targetHints":{"allow":["GET"]}}],"collection":[{"href":"http:\/\/www.annsaar.ee\/index.php?rest_route=\/wp\/v2\/pages"}],"about":[{"href":"http:\/\/www.annsaar.ee\/index.php?rest_route=\/wp\/v2\/types\/page"}],"author":[{"embeddable":true,"href":"http:\/\/www.annsaar.ee\/index.php?rest_route=\/wp\/v2\/users\/1"}],"replies":[{"embeddable":true,"href":"http:\/\/www.annsaar.ee\/index.php?rest_route=%2Fwp%2Fv2%2Fcomments&post=5"}],"version-history":[{"count":6,"href":"http:\/\/www.annsaar.ee\/index.php?rest_route=\/wp\/v2\/pages\/5\/revisions"}],"predecessor-version":[{"id":92,"href":"http:\/\/www.annsaar.ee\/index.php?rest_route=\/wp\/v2\/pages\/5\/revisions\/92"}],"wp:attachment":[{"href":"http:\/\/www.annsaar.ee\/index.php?rest_route=%2Fwp%2Fv2%2Fmedia&parent=5"}],"curies":[{"name":"wp","href":"https:\/\/api.w.org\/{rel}","templated":true}]}}